{"id":575,"date":"2022-10-13T07:22:32","date_gmt":"2022-10-13T07:22:32","guid":{"rendered":"https:\/\/vst-namhuong.com\/?page_id=575"},"modified":"2022-10-13T07:22:41","modified_gmt":"2022-10-13T07:22:41","slug":"tin-tuc","status":"publish","type":"page","link":"https:\/\/vst-namhuong.com\/?page_id=575","title":{"rendered":"Tin T\u1ee9c"},"content":{"rendered":"\t<section class=\"section\" id=\"section_1074759139\">\n\t\t<div class=\"bg section-bg fill bg-fill  bg-loaded\" >\n\n\t\t\t\n\t\t\t\n\t\t\t\n\n\t\t<\/div>\n\n\t\t<div class=\"section-content relative\">\n\t\t\t\n\n  \n    <div id=\"row-1550219573\" class=\"row large-columns-3 medium-columns- small-columns-1 has-shadow row-box-shadow-2 row-masonry\" data-packery-options='{\"itemSelector\": \".col\", \"gutter\": 0, \"presentageWidth\" : true}'>\n\n  \t\t<div class=\"col post-item\" >\n\t\t\t<div class=\"col-inner\">\n\t\t\t<a href=\"https:\/\/vst-namhuong.com\/?p=650\" class=\"plain\">\n\t\t\t\t<div class=\"box box-text-bottom box-blog-post has-hover\">\n            \t\t\t\t\t<div class=\"box-image\" >\n  \t\t\t\t\t\t<div class=\"image-cover\" style=\"padding-top:180px;\">\n  \t\t\t\t\t\t\t<img width=\"296\" height=\"296\" src=\"https:\/\/vst-namhuong.com\/wp-content\/uploads\/2024\/08\/8.jpg\" class=\"attachment-medium size-medium wp-post-image\" alt=\"\" loading=\"lazy\" srcset=\"https:\/\/vst-namhuong.com\/wp-content\/uploads\/2024\/08\/8.jpg 296w, https:\/\/vst-namhuong.com\/wp-content\/uploads\/2024\/08\/8-280x280.jpg 280w\" sizes=\"(max-width: 296px) 100vw, 296px\" \/>  \t\t\t\t\t\t\t  \t\t\t\t\t\t\t  \t\t\t\t\t\t<\/div>\n  \t\t\t\t\t\t  \t\t\t\t\t<\/div>\n          \t\t\t\t\t<div class=\"box-text text-center\" >\n\t\t\t\t\t<div class=\"box-text-inner blog-post-inner\">\n\n\t\t\t\t\t\n\t\t\t\t\t\t\t\t\t\t<h5 class=\"post-title is-large \">\u0110i\u1ec3m Du L\u1ecbch Sinh Th\u00e1i Nam H\u01b0\u01a1ng \u0110\u1ed3ng Th\u00e1p<\/h5>\n\t\t\t\t\t\t\t\t\t\t<div class=\"is-divider\"><\/div>\n\t\t\t\t\t\t\t\t\t\t<p class=\"from_the_blog_excerpt \"> [...]\t\t\t\t\t<\/p>\n\t\t\t\t\t                    \n\t\t\t\t\t\n\t\t\t\t\t\n\t\t\t\t\t<\/div>\n\t\t\t\t\t<\/div>\n\t\t\t\t\t\t\t\t\t\t\t\t\t\t\t\t<div class=\"badge absolute top post-date badge-outline\">\n\t\t\t\t\t\t\t<div class=\"badge-inner\">\n\t\t\t\t\t\t\t\t<span class=\"post-date-day\">06<\/span><br>\n\t\t\t\t\t\t\t\t<span class=\"post-date-month is-xsmall\">Th8<\/span>\n\t\t\t\t\t\t\t<\/div>\n\t\t\t\t\t\t<\/div>\n\t\t\t\t\t\t\t\t\t<\/div>\n\t\t\t\t<\/a>\n\t\t\t<\/div>\n\t\t<\/div>\n\t\t<div class=\"col post-item\" >\n\t\t\t<div class=\"col-inner\">\n\t\t\t<a href=\"https:\/\/vst-namhuong.com\/?p=647\" class=\"plain\">\n\t\t\t\t<div class=\"box box-text-bottom box-blog-post has-hover\">\n            \t\t\t\t\t<div class=\"box-image\" >\n  \t\t\t\t\t\t<div class=\"image-cover\" style=\"padding-top:180px;\">\n  \t\t\t\t\t\t\t<img width=\"534\" height=\"400\" src=\"https:\/\/vst-namhuong.com\/wp-content\/uploads\/2024\/08\/7-534x400.jpg\" class=\"attachment-medium size-medium wp-post-image\" alt=\"\" loading=\"lazy\" srcset=\"https:\/\/vst-namhuong.com\/wp-content\/uploads\/2024\/08\/7-534x400.jpg 534w, https:\/\/vst-namhuong.com\/wp-content\/uploads\/2024\/08\/7-1068x800.jpg 1068w, https:\/\/vst-namhuong.com\/wp-content\/uploads\/2024\/08\/7-768x575.jpg 768w, https:\/\/vst-namhuong.com\/wp-content\/uploads\/2024\/08\/7.jpg 1276w\" sizes=\"(max-width: 534px) 100vw, 534px\" \/>  \t\t\t\t\t\t\t  \t\t\t\t\t\t\t  \t\t\t\t\t\t<\/div>\n  \t\t\t\t\t\t  \t\t\t\t\t<\/div>\n          \t\t\t\t\t<div class=\"box-text text-center\" >\n\t\t\t\t\t<div class=\"box-text-inner blog-post-inner\">\n\n\t\t\t\t\t\n\t\t\t\t\t\t\t\t\t\t<h5 class=\"post-title is-large \">Khu V\u01b0\u1eddn K\u1ef3 L\u1ea1 t\u1ea1i \u0110\u1ed3ng Th\u00e1p<\/h5>\n\t\t\t\t\t\t\t\t\t\t<div class=\"is-divider\"><\/div>\n\t\t\t\t\t\t\t\t\t\t<p class=\"from_the_blog_excerpt \"> [...]\t\t\t\t\t<\/p>\n\t\t\t\t\t                    \n\t\t\t\t\t\n\t\t\t\t\t\n\t\t\t\t\t<\/div>\n\t\t\t\t\t<\/div>\n\t\t\t\t\t\t\t\t\t\t\t\t\t\t\t\t<div class=\"badge absolute top post-date badge-outline\">\n\t\t\t\t\t\t\t<div class=\"badge-inner\">\n\t\t\t\t\t\t\t\t<span class=\"post-date-day\">06<\/span><br>\n\t\t\t\t\t\t\t\t<span class=\"post-date-month is-xsmall\">Th8<\/span>\n\t\t\t\t\t\t\t<\/div>\n\t\t\t\t\t\t<\/div>\n\t\t\t\t\t\t\t\t\t<\/div>\n\t\t\t\t<\/a>\n\t\t\t<\/div>\n\t\t<\/div>\n\t\t<div class=\"col post-item\" >\n\t\t\t<div class=\"col-inner\">\n\t\t\t<a href=\"https:\/\/vst-namhuong.com\/?p=638\" class=\"plain\">\n\t\t\t\t<div class=\"box box-text-bottom box-blog-post has-hover\">\n            \t\t\t\t\t<div class=\"box-image\" >\n  \t\t\t\t\t\t<div class=\"image-cover\" style=\"padding-top:180px;\">\n  \t\t\t\t\t\t\t<img width=\"300\" height=\"400\" src=\"https:\/\/vst-namhuong.com\/wp-content\/uploads\/2024\/08\/6-300x400.jpg\" class=\"attachment-medium size-medium wp-post-image\" alt=\"\" loading=\"lazy\" srcset=\"https:\/\/vst-namhuong.com\/wp-content\/uploads\/2024\/08\/6-300x400.jpg 300w, https:\/\/vst-namhuong.com\/wp-content\/uploads\/2024\/08\/6-599x800.jpg 599w, https:\/\/vst-namhuong.com\/wp-content\/uploads\/2024\/08\/6-768x1025.jpg 768w, https:\/\/vst-namhuong.com\/wp-content\/uploads\/2024\/08\/6.jpg 956w\" sizes=\"(max-width: 300px) 100vw, 300px\" \/>  \t\t\t\t\t\t\t  \t\t\t\t\t\t\t  \t\t\t\t\t\t<\/div>\n  \t\t\t\t\t\t  \t\t\t\t\t<\/div>\n          \t\t\t\t\t<div class=\"box-text text-center\" >\n\t\t\t\t\t<div class=\"box-text-inner blog-post-inner\">\n\n\t\t\t\t\t\n\t\t\t\t\t\t\t\t\t\t<h5 class=\"post-title is-large \">\u0110\u1ed9c l\u1ea1 v\u00fa s\u1eefa \u0103n c\u1ea3 v\u1ecf, kh\u00f4ng d\u1ec5 mua \u0111\u01b0\u1ee3c d\u1ecbp T\u1ebft<\/h5>\n\t\t\t\t\t\t\t\t\t\t<div class=\"is-divider\"><\/div>\n\t\t\t\t\t\t\t\t\t\t<p class=\"from_the_blog_excerpt \">Th\u1ecb tr\u01b0\u1eddng hoa, qu\u00e0 t\u1eb7ng, tr\u00e1i c\u00e2y \u0111\u1ed9c l\u1ea1 t\u1ea1i TP.HCM d\u1ecbp T\u1ebft \u0111ang d\u1ea7n [...]\t\t\t\t\t<\/p>\n\t\t\t\t\t                    \n\t\t\t\t\t\n\t\t\t\t\t\n\t\t\t\t\t<\/div>\n\t\t\t\t\t<\/div>\n\t\t\t\t\t\t\t\t\t\t\t\t\t\t\t\t<div class=\"badge absolute top post-date badge-outline\">\n\t\t\t\t\t\t\t<div class=\"badge-inner\">\n\t\t\t\t\t\t\t\t<span class=\"post-date-day\">06<\/span><br>\n\t\t\t\t\t\t\t\t<span class=\"post-date-month is-xsmall\">Th8<\/span>\n\t\t\t\t\t\t\t<\/div>\n\t\t\t\t\t\t<\/div>\n\t\t\t\t\t\t\t\t\t<\/div>\n\t\t\t\t<\/a>\n\t\t\t<\/div>\n\t\t<\/div>\n\t\t<div class=\"col post-item\" >\n\t\t\t<div class=\"col-inner\">\n\t\t\t<a href=\"https:\/\/vst-namhuong.com\/?p=635\" class=\"plain\">\n\t\t\t\t<div class=\"box box-text-bottom box-blog-post has-hover\">\n            \t\t\t\t\t<div class=\"box-image\" >\n  \t\t\t\t\t\t<div class=\"image-cover\" style=\"padding-top:180px;\">\n  \t\t\t\t\t\t\t<img width=\"269\" height=\"187\" src=\"https:\/\/vst-namhuong.com\/wp-content\/uploads\/2022\/10\/vu-sua-mica.jpg\" class=\"attachment-medium size-medium wp-post-image\" alt=\"\" loading=\"lazy\" \/>  \t\t\t\t\t\t\t  \t\t\t\t\t\t\t  \t\t\t\t\t\t<\/div>\n  \t\t\t\t\t\t  \t\t\t\t\t<\/div>\n          \t\t\t\t\t<div class=\"box-text text-center\" >\n\t\t\t\t\t<div class=\"box-text-inner blog-post-inner\">\n\n\t\t\t\t\t\n\t\t\t\t\t\t\t\t\t\t<h5 class=\"post-title is-large \">PRODUCT STORY ABOUT: MICA STAR APPLE TREE<\/h5>\n\t\t\t\t\t\t\t\t\t\t<div class=\"is-divider\"><\/div>\n\t\t\t\t\t\t\t\t\t\t<p class=\"from_the_blog_excerpt \">Mica star apple tree value comes from the difference Almost all of us have ever [...]\t\t\t\t\t<\/p>\n\t\t\t\t\t                    \n\t\t\t\t\t\n\t\t\t\t\t\n\t\t\t\t\t<\/div>\n\t\t\t\t\t<\/div>\n\t\t\t\t\t\t\t\t\t\t\t\t\t\t\t\t<div class=\"badge absolute top post-date badge-outline\">\n\t\t\t\t\t\t\t<div class=\"badge-inner\">\n\t\t\t\t\t\t\t\t<span class=\"post-date-day\">09<\/span><br>\n\t\t\t\t\t\t\t\t<span class=\"post-date-month is-xsmall\">Th7<\/span>\n\t\t\t\t\t\t\t<\/div>\n\t\t\t\t\t\t<\/div>\n\t\t\t\t\t\t\t\t\t<\/div>\n\t\t\t\t<\/a>\n\t\t\t<\/div>\n\t\t<\/div>\n\t\t<div class=\"col post-item\" >\n\t\t\t<div class=\"col-inner\">\n\t\t\t<a href=\"https:\/\/vst-namhuong.com\/?p=633\" class=\"plain\">\n\t\t\t\t<div class=\"box box-text-bottom box-blog-post has-hover\">\n            \t\t\t\t\t<div class=\"box-image\" >\n  \t\t\t\t\t\t<div class=\"image-cover\" style=\"padding-top:180px;\">\n  \t\t\t\t\t\t\t<img width=\"300\" height=\"400\" src=\"https:\/\/vst-namhuong.com\/wp-content\/uploads\/2022\/10\/z3767354821538_22cca50a37ebaaad55d13449d4413b5f-2-300x400.jpg\" class=\"attachment-medium size-medium wp-post-image\" alt=\"\" loading=\"lazy\" srcset=\"https:\/\/vst-namhuong.com\/wp-content\/uploads\/2022\/10\/z3767354821538_22cca50a37ebaaad55d13449d4413b5f-2-300x400.jpg 300w, https:\/\/vst-namhuong.com\/wp-content\/uploads\/2022\/10\/z3767354821538_22cca50a37ebaaad55d13449d4413b5f-2-600x800.jpg 600w, https:\/\/vst-namhuong.com\/wp-content\/uploads\/2022\/10\/z3767354821538_22cca50a37ebaaad55d13449d4413b5f-2-768x1024.jpg 768w, https:\/\/vst-namhuong.com\/wp-content\/uploads\/2022\/10\/z3767354821538_22cca50a37ebaaad55d13449d4413b5f-2.jpg 960w\" sizes=\"(max-width: 300px) 100vw, 300px\" \/>  \t\t\t\t\t\t\t  \t\t\t\t\t\t\t  \t\t\t\t\t\t<\/div>\n  \t\t\t\t\t\t  \t\t\t\t\t<\/div>\n          \t\t\t\t\t<div class=\"box-text text-center\" >\n\t\t\t\t\t<div class=\"box-text-inner blog-post-inner\">\n\n\t\t\t\t\t\n\t\t\t\t\t\t\t\t\t\t<h5 class=\"post-title is-large \">PRODUCT STORY ABOUT: NAM HUONG ECO Garden<\/h5>\n\t\t\t\t\t\t\t\t\t\t<div class=\"is-divider\"><\/div>\n\t\t\t\t\t\t\t\t\t\t<p class=\"from_the_blog_excerpt \">NAM HUONG ECO GARDEN GREEN OASIS WITH UNIQUE FRUIT GARDEN! Nam Huong ecological garden is [...]\t\t\t\t\t<\/p>\n\t\t\t\t\t                    \n\t\t\t\t\t\n\t\t\t\t\t\n\t\t\t\t\t<\/div>\n\t\t\t\t\t<\/div>\n\t\t\t\t\t\t\t\t\t\t\t\t\t\t\t\t<div class=\"badge absolute top post-date badge-outline\">\n\t\t\t\t\t\t\t<div class=\"badge-inner\">\n\t\t\t\t\t\t\t\t<span class=\"post-date-day\">09<\/span><br>\n\t\t\t\t\t\t\t\t<span class=\"post-date-month is-xsmall\">Th7<\/span>\n\t\t\t\t\t\t\t<\/div>\n\t\t\t\t\t\t<\/div>\n\t\t\t\t\t\t\t\t\t<\/div>\n\t\t\t\t<\/a>\n\t\t\t<\/div>\n\t\t<\/div>\n\t\t<div class=\"col post-item\" >\n\t\t\t<div class=\"col-inner\">\n\t\t\t<a href=\"https:\/\/vst-namhuong.com\/?p=631\" class=\"plain\">\n\t\t\t\t<div class=\"box box-text-bottom box-blog-post has-hover\">\n            \t\t\t\t\t<div class=\"box-image\" >\n  \t\t\t\t\t\t<div class=\"image-cover\" style=\"padding-top:180px;\">\n  \t\t\t\t\t\t\t<img width=\"533\" height=\"400\" src=\"https:\/\/vst-namhuong.com\/wp-content\/uploads\/2023\/06\/354215185_570837405214576_6113961132215730248_n-533x400.jpg\" class=\"attachment-medium size-medium wp-post-image\" alt=\"\" loading=\"lazy\" srcset=\"https:\/\/vst-namhuong.com\/wp-content\/uploads\/2023\/06\/354215185_570837405214576_6113961132215730248_n-533x400.jpg 533w, https:\/\/vst-namhuong.com\/wp-content\/uploads\/2023\/06\/354215185_570837405214576_6113961132215730248_n-1067x800.jpg 1067w, https:\/\/vst-namhuong.com\/wp-content\/uploads\/2023\/06\/354215185_570837405214576_6113961132215730248_n-768x576.jpg 768w, https:\/\/vst-namhuong.com\/wp-content\/uploads\/2023\/06\/354215185_570837405214576_6113961132215730248_n-1536x1152.jpg 1536w, https:\/\/vst-namhuong.com\/wp-content\/uploads\/2023\/06\/354215185_570837405214576_6113961132215730248_n.jpg 2048w\" sizes=\"(max-width: 533px) 100vw, 533px\" \/>  \t\t\t\t\t\t\t  \t\t\t\t\t\t\t  \t\t\t\t\t\t<\/div>\n  \t\t\t\t\t\t  \t\t\t\t\t<\/div>\n          \t\t\t\t\t<div class=\"box-text text-center\" >\n\t\t\t\t\t<div class=\"box-text-inner blog-post-inner\">\n\n\t\t\t\t\t\n\t\t\t\t\t\t\t\t\t\t<h5 class=\"post-title is-large \">D\u1eeba \u0103n \u0111\u01b0\u1ee3c c\u1ea3 v\u1ecf l\u00e0 c\u00f3 th\u1eadt?<\/h5>\n\t\t\t\t\t\t\t\t\t\t<div class=\"is-divider\"><\/div>\n\t\t\t\t\t\t\t\t\t\t<p class=\"from_the_blog_excerpt \">V\u01b0\u1eddn sinh th\u00e1i Nam H\u01b0\u01a1ng n\u1eb1m \u1edf kh\u00f3m 2, th\u1ecb tr\u1ea5n Sa R\u00e0i l\u00e0 n\u01a1i [...]\t\t\t\t\t<\/p>\n\t\t\t\t\t                    \n\t\t\t\t\t\n\t\t\t\t\t\n\t\t\t\t\t<\/div>\n\t\t\t\t\t<\/div>\n\t\t\t\t\t\t\t\t\t\t\t\t\t\t\t\t<div class=\"badge absolute top post-date badge-outline\">\n\t\t\t\t\t\t\t<div class=\"badge-inner\">\n\t\t\t\t\t\t\t\t<span class=\"post-date-day\">25<\/span><br>\n\t\t\t\t\t\t\t\t<span class=\"post-date-month is-xsmall\">Th6<\/span>\n\t\t\t\t\t\t\t<\/div>\n\t\t\t\t\t\t<\/div>\n\t\t\t\t\t\t\t\t\t<\/div>\n\t\t\t\t<\/a>\n\t\t\t<\/div>\n\t\t<\/div>\n\t\t<div class=\"col post-item\" >\n\t\t\t<div class=\"col-inner\">\n\t\t\t<a href=\"https:\/\/vst-namhuong.com\/?p=611\" class=\"plain\">\n\t\t\t\t<div class=\"box box-text-bottom box-blog-post has-hover\">\n            \t\t\t\t\t<div class=\"box-image\" >\n  \t\t\t\t\t\t<div class=\"image-cover\" style=\"padding-top:180px;\">\n  \t\t\t\t\t\t\t<img width=\"533\" height=\"400\" src=\"https:\/\/vst-namhuong.com\/wp-content\/uploads\/2023\/06\/354455552_913951409706279_5775066347683200266_n-533x400.jpg\" class=\"attachment-medium size-medium wp-post-image\" alt=\"\" loading=\"lazy\" srcset=\"https:\/\/vst-namhuong.com\/wp-content\/uploads\/2023\/06\/354455552_913951409706279_5775066347683200266_n-533x400.jpg 533w, https:\/\/vst-namhuong.com\/wp-content\/uploads\/2023\/06\/354455552_913951409706279_5775066347683200266_n.jpg 640w\" sizes=\"(max-width: 533px) 100vw, 533px\" \/>  \t\t\t\t\t\t\t  \t\t\t\t\t\t\t  \t\t\t\t\t\t<\/div>\n  \t\t\t\t\t\t  \t\t\t\t\t<\/div>\n          \t\t\t\t\t<div class=\"box-text text-center\" >\n\t\t\t\t\t<div class=\"box-text-inner blog-post-inner\">\n\n\t\t\t\t\t\n\t\t\t\t\t\t\t\t\t\t<h5 class=\"post-title is-large \">Anh Tr\u01b0\u01a1ng V\u0103n Mai v\u00e0 \u01af\u1edbc M\u01a1 V\u1ec1 M\u1ed9t N\u1ec1n N\u00f4ng Nghi\u1ec7p T\u1eed T\u1ebf<\/h5>\n\t\t\t\t\t\t\t\t\t\t<div class=\"is-divider\"><\/div>\n\t\t\t\t\t\t\t\t\t\t<p class=\"from_the_blog_excerpt \">B\u1ecf Ph\u1ed1 V\u1ec1 Qu\u00ea L\u00e0m N\u00f4ng V\u1ec1 quy\u1ebft \u0111\u1ecbnh tr\u1edf v\u1ec1 qu\u00ea, anh Mai chia [...]\t\t\t\t\t<\/p>\n\t\t\t\t\t                    \n\t\t\t\t\t\n\t\t\t\t\t\n\t\t\t\t\t<\/div>\n\t\t\t\t\t<\/div>\n\t\t\t\t\t\t\t\t\t\t\t\t\t\t\t\t<div class=\"badge absolute top post-date badge-outline\">\n\t\t\t\t\t\t\t<div class=\"badge-inner\">\n\t\t\t\t\t\t\t\t<span class=\"post-date-day\">14<\/span><br>\n\t\t\t\t\t\t\t\t<span class=\"post-date-month is-xsmall\">Th6<\/span>\n\t\t\t\t\t\t\t<\/div>\n\t\t\t\t\t\t<\/div>\n\t\t\t\t\t\t\t\t\t<\/div>\n\t\t\t\t<\/a>\n\t\t\t<\/div>\n\t\t<\/div>\n\t\t<div class=\"col post-item has-post-icon\" >\n\t\t\t<div class=\"col-inner\">\n\t\t\t<a href=\"https:\/\/vst-namhuong.com\/?p=600\" class=\"plain\">\n\t\t\t\t<div class=\"box box-text-bottom box-blog-post has-hover\">\n            \t\t\t\t\t<div class=\"box-image\" >\n  \t\t\t\t\t\t<div class=\"image-cover\" style=\"padding-top:180px;\">\n  \t\t\t\t\t\t\t<img width=\"704\" height=\"400\" src=\"https:\/\/vst-namhuong.com\/wp-content\/uploads\/2022\/11\/Di-la-ghien-704x400.png\" class=\"attachment-medium size-medium wp-post-image\" alt=\"\" loading=\"lazy\" srcset=\"https:\/\/vst-namhuong.com\/wp-content\/uploads\/2022\/11\/Di-la-ghien-704x400.png 704w, https:\/\/vst-namhuong.com\/wp-content\/uploads\/2022\/11\/Di-la-ghien-768x436.png 768w, https:\/\/vst-namhuong.com\/wp-content\/uploads\/2022\/11\/Di-la-ghien.png 1371w\" sizes=\"(max-width: 704px) 100vw, 704px\" \/>  \t\t\t\t\t\t\t  \t\t\t\t\t\t\t  \t\t\t\t\t\t<\/div>\n  \t\t\t\t\t\t  \t\t\t\t\t\t\t<div class=\"absolute no-click x50 y50 md-x50 md-y50 lg-x50 lg-y50\">\n  \t\t\t\t            \t<div class=\"overlay-icon\">\n  \t\t\t\t                    <i class=\"icon-play\"><\/i>\n  \t\t\t\t                <\/div>\n  \t\t\t\t            <\/div>\n  \t\t\t\t\t\t  \t\t\t\t\t<\/div>\n          \t\t\t\t\t<div class=\"box-text text-center\" >\n\t\t\t\t\t<div class=\"box-text-inner blog-post-inner\">\n\n\t\t\t\t\t\n\t\t\t\t\t\t\t\t\t\t<h5 class=\"post-title is-large \">\u0110i L\u00e0 Ghi\u1ec1n, ch\u01b0\u01a1ng tr\u00ecnh tr\u1ea3i nghi\u1ec7m t\u1ea1i V\u01b0\u1eddn Sinh Th\u00e1i Nam H\u01b0\u01a1ng do HTV th\u1ef1c hi\u1ec7n<\/h5>\n\t\t\t\t\t\t\t\t\t\t<div class=\"is-divider\"><\/div>\n\t\t\t\t\t\t\t\t\t\t<p class=\"from_the_blog_excerpt \"> [...]\t\t\t\t\t<\/p>\n\t\t\t\t\t                    \n\t\t\t\t\t\n\t\t\t\t\t\n\t\t\t\t\t<\/div>\n\t\t\t\t\t<\/div>\n\t\t\t\t\t\t\t\t\t\t\t\t\t\t\t\t<div class=\"badge absolute top post-date badge-outline\">\n\t\t\t\t\t\t\t<div class=\"badge-inner\">\n\t\t\t\t\t\t\t\t<span class=\"post-date-day\">18<\/span><br>\n\t\t\t\t\t\t\t\t<span class=\"post-date-month is-xsmall\">Th11<\/span>\n\t\t\t\t\t\t\t<\/div>\n\t\t\t\t\t\t<\/div>\n\t\t\t\t\t\t\t\t\t<\/div>\n\t\t\t\t<\/a>\n\t\t\t<\/div>\n\t\t<\/div>\n<\/div>\n\t\t<\/div>\n\n\t\t\n<style>\n#section_1074759139 {\n  padding-top: 30px;\n  padding-bottom: 30px;\n}\n<\/style>\n\t<\/section>\n\t\n","protected":false},"excerpt":{"rendered":"","protected":false},"author":1,"featured_media":0,"parent":0,"menu_order":0,"comment_status":"closed","ping_status":"closed","template":"","meta":[],"yoast_head":"<!-- This site is optimized with the Yoast SEO plugin v19.8 - https:\/\/yoast.com\/wordpress\/plugins\/seo\/ -->\n<title>Tin T\u1ee9c - V\u01b0\u1eddn sinh th\u00e1i Nam H\u01b0\u01a1ng<\/title>\n<meta name=\"robots\" content=\"index, follow, max-snippet:-1, max-image-preview:large, max-video-preview:-1\" \/>\n<link rel=\"canonical\" href=\"https:\/\/vst-namhuong.com\/?page_id=575\" \/>\n<meta property=\"og:locale\" content=\"vi_VN\" \/>\n<meta property=\"og:type\" content=\"article\" \/>\n<meta property=\"og:title\" content=\"Tin T\u1ee9c - V\u01b0\u1eddn sinh th\u00e1i Nam H\u01b0\u01a1ng\" \/>\n<meta property=\"og:url\" content=\"https:\/\/vst-namhuong.com\/?page_id=575\" \/>\n<meta property=\"og:site_name\" content=\"V\u01b0\u1eddn sinh th\u00e1i Nam H\u01b0\u01a1ng\" \/>\n<meta property=\"article:modified_time\" content=\"2022-10-13T07:22:41+00:00\" \/>\n<meta name=\"twitter:card\" content=\"summary_large_image\" \/>\n<script type=\"application\/ld+json\" class=\"yoast-schema-graph\">{\"@context\":\"https:\/\/schema.org\",\"@graph\":[{\"@type\":\"WebPage\",\"@id\":\"https:\/\/vst-namhuong.com\/?page_id=575\",\"url\":\"https:\/\/vst-namhuong.com\/?page_id=575\",\"name\":\"Tin T\u1ee9c - V\u01b0\u1eddn sinh th\u00e1i Nam H\u01b0\u01a1ng\",\"isPartOf\":{\"@id\":\"https:\/\/vst-namhuong.com\/#website\"},\"datePublished\":\"2022-10-13T07:22:32+00:00\",\"dateModified\":\"2022-10-13T07:22:41+00:00\",\"breadcrumb\":{\"@id\":\"https:\/\/vst-namhuong.com\/?page_id=575#breadcrumb\"},\"inLanguage\":\"vi\",\"potentialAction\":[{\"@type\":\"ReadAction\",\"target\":[\"https:\/\/vst-namhuong.com\/?page_id=575\"]}]},{\"@type\":\"BreadcrumbList\",\"@id\":\"https:\/\/vst-namhuong.com\/?page_id=575#breadcrumb\",\"itemListElement\":[{\"@type\":\"ListItem\",\"position\":1,\"name\":\"Trang ch\u1ee7\",\"item\":\"https:\/\/vst-namhuong.com\/\"},{\"@type\":\"ListItem\",\"position\":2,\"name\":\"Tin T\u1ee9c\"}]},{\"@type\":\"WebSite\",\"@id\":\"https:\/\/vst-namhuong.com\/#website\",\"url\":\"https:\/\/vst-namhuong.com\/\",\"name\":\"V\u01b0\u1eddn sinh th\u00e1i Nam H\u01b0\u01a1ng\",\"description\":\"N\u01a1i tham quan sinh th\u00e1i v\u1edbi nhi\u1ec1u c\u00e2y tr\u00e1i, chim th\u00fa, th\u01b0\u1edfng th\u1ee9c nhi\u1ec1u lo\u1ea1i tr\u00e1i c\u00e2y v\u00e0 m\u00f3n ngon\",\"potentialAction\":[{\"@type\":\"SearchAction\",\"target\":{\"@type\":\"EntryPoint\",\"urlTemplate\":\"https:\/\/vst-namhuong.com\/?s={search_term_string}\"},\"query-input\":\"required name=search_term_string\"}],\"inLanguage\":\"vi\"}]}<\/script>\n<!-- \/ Yoast SEO plugin. -->","yoast_head_json":{"title":"Tin T\u1ee9c - V\u01b0\u1eddn sinh th\u00e1i Nam H\u01b0\u01a1ng","robots":{"index":"index","follow":"follow","max-snippet":"max-snippet:-1","max-image-preview":"max-image-preview:large","max-video-preview":"max-video-preview:-1"},"canonical":"https:\/\/vst-namhuong.com\/?page_id=575","og_locale":"vi_VN","og_type":"article","og_title":"Tin T\u1ee9c - V\u01b0\u1eddn sinh th\u00e1i Nam H\u01b0\u01a1ng","og_url":"https:\/\/vst-namhuong.com\/?page_id=575","og_site_name":"V\u01b0\u1eddn sinh th\u00e1i Nam H\u01b0\u01a1ng","article_modified_time":"2022-10-13T07:22:41+00:00","twitter_card":"summary_large_image","schema":{"@context":"https:\/\/schema.org","@graph":[{"@type":"WebPage","@id":"https:\/\/vst-namhuong.com\/?page_id=575","url":"https:\/\/vst-namhuong.com\/?page_id=575","name":"Tin T\u1ee9c - V\u01b0\u1eddn sinh th\u00e1i Nam H\u01b0\u01a1ng","isPartOf":{"@id":"https:\/\/vst-namhuong.com\/#website"},"datePublished":"2022-10-13T07:22:32+00:00","dateModified":"2022-10-13T07:22:41+00:00","breadcrumb":{"@id":"https:\/\/vst-namhuong.com\/?page_id=575#breadcrumb"},"inLanguage":"vi","potentialAction":[{"@type":"ReadAction","target":["https:\/\/vst-namhuong.com\/?page_id=575"]}]},{"@type":"BreadcrumbList","@id":"https:\/\/vst-namhuong.com\/?page_id=575#breadcrumb","itemListElement":[{"@type":"ListItem","position":1,"name":"Trang ch\u1ee7","item":"https:\/\/vst-namhuong.com\/"},{"@type":"ListItem","position":2,"name":"Tin T\u1ee9c"}]},{"@type":"WebSite","@id":"https:\/\/vst-namhuong.com\/#website","url":"https:\/\/vst-namhuong.com\/","name":"V\u01b0\u1eddn sinh th\u00e1i Nam H\u01b0\u01a1ng","description":"N\u01a1i tham quan sinh th\u00e1i v\u1edbi nhi\u1ec1u c\u00e2y tr\u00e1i, chim th\u00fa, th\u01b0\u1edfng th\u1ee9c nhi\u1ec1u lo\u1ea1i tr\u00e1i c\u00e2y v\u00e0 m\u00f3n ngon","potentialAction":[{"@type":"SearchAction","target":{"@type":"EntryPoint","urlTemplate":"https:\/\/vst-namhuong.com\/?s={search_term_string}"},"query-input":"required name=search_term_string"}],"inLanguage":"vi"}]}},"_links":{"self":[{"href":"https:\/\/vst-namhuong.com\/index.php?rest_route=\/wp\/v2\/pages\/575"}],"collection":[{"href":"https:\/\/vst-namhuong.com\/index.php?rest_route=\/wp\/v2\/pages"}],"about":[{"href":"https:\/\/vst-namhuong.com\/index.php?rest_route=\/wp\/v2\/types\/page"}],"author":[{"embeddable":true,"href":"https:\/\/vst-namhuong.com\/index.php?rest_route=\/wp\/v2\/users\/1"}],"replies":[{"embeddable":true,"href":"https:\/\/vst-namhuong.com\/index.php?rest_route=%2Fwp%2Fv2%2Fcomments&post=575"}],"version-history":[{"count":1,"href":"https:\/\/vst-namhuong.com\/index.php?rest_route=\/wp\/v2\/pages\/575\/revisions"}],"predecessor-version":[{"id":576,"href":"https:\/\/vst-namhuong.com\/index.php?rest_route=\/wp\/v2\/pages\/575\/revisions\/576"}],"wp:attachment":[{"href":"https:\/\/vst-namhuong.com\/index.php?rest_route=%2Fwp%2Fv2%2Fmedia&parent=575"}],"curies":[{"name":"wp","href":"https:\/\/api.w.org\/{rel}","templated":true}]}}